{"id":49,"date":"2025-04-26T20:25:56","date_gmt":"2025-04-26T18:25:56","guid":{"rendered":"https:\/\/ceteraspopcode.com\/showcase\/?page_id=49"},"modified":"2025-04-26T20:25:56","modified_gmt":"2025-04-26T18:25:56","slug":"imprint","status":"publish","type":"page","link":"https:\/\/ceteraspopcode.com\/showcase\/imprint\/","title":{"rendered":"Imprint"},"content":{"rendered":"\n<h1 class=\"wp-block-heading\">Site Notice<\/h1>\n\n\n\n<p>Dorina Ceteras<br>Ceteras Popcode<br>Gilgaustr. 79<br>51149 K\u00f6ln<\/p>\n\n\n\n<h2 class=\"wp-block-heading\">Contact<\/h2>\n\n\n\n<p>Phone: 017643956761<br>Telefax: &#8211;<br>E-mail: popcode@ceteras.de<\/p>\n\n\n\n<h2 class=\"wp-block-heading\">VAT ID<\/h2>\n\n\n\n<p>Sales tax identification number according to Sect. 27 a of the Sales Tax Law:<br>DE343505754<\/p>\n\n\n\n<h2 class=\"wp-block-heading\">Information regarding professional liability insurance<\/h2>\n\n\n\n<p><strong>Name and registered office of the insurer:<\/strong><br>Hiscox SA<br>Niederlassung f\u00fcr Deutschland<br>Arnulfstra\u00dfe 31<br>80636 M\u00fcnchen<br>T+49 (0)89 545801 700<\/p>\n\n\n\n<h2 class=\"wp-block-heading\">Person responsible for editorial<\/h2>\n\n\n\n<p>Dorina Ceteras<br>Gilgaustr. 79<br>51149 K\u00f6ln<\/p>\n\n\n\n<h2 class=\"wp-block-heading\">Dispute resolution proceedings in front of a consumer arbitration board<\/h2>\n\n\n\n<p>We are not willing or obliged to participate in dispute resolution proceedings in front of a consumer arbitration board.<\/p>\n","protected":false},"excerpt":{"rendered":"<p>Site Notice Dorina CeterasCeteras PopcodeGilgaustr. 7951149 K\u00f6ln Contact Phone: 017643956761Telefax: &#8211;E-mail: popcode@ceteras.de VAT ID Sales tax identification number according to Sect. 27 a of the Sales Tax Law:DE343505754 Information regarding professional liability insurance Name and registered office of the insurer:Hiscox SANiederlassung f\u00fcr DeutschlandArnulfstra\u00dfe 3180636 M\u00fcnchenT+49 (0)89 545801 700 Person responsible for editorial Dorina CeterasGilgaustr. 7951149 [&hellip;]<\/p>\n","protected":false},"author":2,"featured_media":0,"parent":0,"menu_order":0,"comment_status":"closed","ping_status":"closed","template":"","meta":{"footnotes":""},"class_list":["post-49","page","type-page","status-publish","hentry"],"_links":{"self":[{"href":"https:\/\/ceteraspopcode.com\/showcase\/wp-json\/wp\/v2\/pages\/49","targetHints":{"allow":["GET"]}}],"collection":[{"href":"https:\/\/ceteraspopcode.com\/showcase\/wp-json\/wp\/v2\/pages"}],"about":[{"href":"https:\/\/ceteraspopcode.com\/showcase\/wp-json\/wp\/v2\/types\/page"}],"author":[{"embeddable":true,"href":"https:\/\/ceteraspopcode.com\/showcase\/wp-json\/wp\/v2\/users\/2"}],"replies":[{"embeddable":true,"href":"https:\/\/ceteraspopcode.com\/showcase\/wp-json\/wp\/v2\/comments?post=49"}],"version-history":[{"count":2,"href":"https:\/\/ceteraspopcode.com\/showcase\/wp-json\/wp\/v2\/pages\/49\/revisions"}],"predecessor-version":[{"id":55,"href":"https:\/\/ceteraspopcode.com\/showcase\/wp-json\/wp\/v2\/pages\/49\/revisions\/55"}],"wp:attachment":[{"href":"https:\/\/ceteraspopcode.com\/showcase\/wp-json\/wp\/v2\/media?parent=49"}],"curies":[{"name":"wp","href":"https:\/\/api.w.org\/{rel}","templated":true}]}}